{"id":3,"date":"2023-05-26T11:05:40","date_gmt":"2023-05-26T09:05:40","guid":{"rendered":"http:\/\/greenland.test\/?page_id=3"},"modified":"2023-12-16T17:13:44","modified_gmt":"2023-12-16T16:13:44","slug":"privatlivspolitik","status":"publish","type":"page","link":"https:\/\/mindhelper.gl\/da\/privatlivspolitik\/","title":{"rendered":"Privatlivspolitik\u00a0"},"content":{"rendered":"<section class=\"content-block\" id=\"content-block_8cb79c12da854f1aa67e28f7c1e4374f\">\n            <div class=\"w-full lg:max-w-xl mx-auto px-6 lg:px-0 prose lg:prose-lg print:px-0\">\n                                 <p><!-- wp:heading --><\/p>\n<h2><span data-contrast=\"auto\">Privatlivspolitik<\/span><span data-ccp-props=\"{&quot;201341983&quot;:0,&quot;335559739&quot;:160,&quot;335559740&quot;:259}\">\u00a0<\/span><\/h2>\n<h3><span data-contrast=\"auto\">Brug af personoplysninger og data<\/span><span data-ccp-props=\"{&quot;201341983&quot;:0,&quot;335559739&quot;:160,&quot;335559740&quot;:259}\">\u00a0<\/span><\/h3>\n<p><span data-contrast=\"auto\">Mindhelper.gl lagrer kun din e-mailadresse og eventuelle andre oplysninger, hvis du direkte har oplyst dem til os. Det kan fx v\u00e6re, hvis du opretter en brugerprofil til online-forl\u00f8bet om angst. eller bestiller en kasse med trykte materialer om det.<\/span><\/p>\n<p><span data-contrast=\"auto\">Data, cookies eller personoplysninger gives aldrig videre til en tredjepart.<\/span><\/p>\n<p><span data-contrast=\"auto\">Hvis du er i tvivl, eller hvis du mener, at vi ikke bruger dine personoplysninger korrekt, s\u00e5 er du altid velkommen til at kontakte os p\u00e5 nti@aqqut.gl <\/span><a href=\"mailto:nti@aqqut.gl-imut\"><span data-contrast=\"none\">nti@aqqut.gl-imut<\/span><\/a><span data-contrast=\"auto\"> allallutit.<\/span><\/p>\n<h3><span data-contrast=\"auto\">Dataansvarlig<\/span><\/h3>\n<p>AQQUT er dataansvarlig for behandlingen af de personoplysninger, som vi har indsamlet og modtaget om dig.<\/p>\n<p>Vores kontaktoplysninger er:<\/p>\n<p>AQQUT<br \/>\nImaneq 24 B, 2. sal<br \/>\nTelefon 34 68 66<br \/>\nMail nti@aqqut.gl<\/p>\n<h3><span data-contrast=\"auto\">Beskyttelse af personoplysninger<\/span><\/h3>\n<p><span data-contrast=\"none\">If\u00f8lge persondataloven skal personlige oplysninger opbevares sikkert og fortroligt.<\/span><span data-contrast=\"none\">.<\/span><span data-contrast=\"auto\"> Alle indsendte data hostes Simply A\/S.<\/span><span data-ccp-props=\"{&quot;201341983&quot;:0,&quot;335559739&quot;:160,&quot;335559740&quot;:259}\">\u00a0<\/span><\/p>\n<p><span data-contrast=\"auto\">AQQUT har indg\u00e5et databehandleraftale med Simply A\/S, der sikrer, at persondata bliver behandlet korrekt og sikkert.<\/span><span data-ccp-props=\"{&quot;201341983&quot;:0,&quot;335559739&quot;:160,&quot;335559740&quot;:259}\">\u00a0<\/span><\/p>\n<p>If\u00f8lge persondataloven skal personlige oplysninger opbevares sikkert og fortroligt. Mindhelper.gl gemmer personlige oplysninger p\u00e5 computere med begr\u00e6nset adgang, som er placeret i kontrollerede faciliteter. Vores sikkerhedsforanstaltninger kontrolleres l\u00f8bende for at sikre, at brugeroplysningerne h\u00e5ndteres forsvarligt, og at de lever op til dine rettigheder som bruger.<\/p>\n<p>Vi kan ikke garantere 100 % sikkerhed ved dataoverf\u00f8rsler via internettet. Det betyder, at der kan v\u00e6re en risiko for, at andre uberettiget tiltvinger sig adgang til oplysninger, n\u00e5r data sendes og opbevares elektronisk. Du afgiver s\u00e5ledes dine personlige oplysninger p\u00e5 eget ansvar. Personoplysninger slettes eller anonymiseres l\u00f8bende efterh\u00e5nden som det form\u00e5l, de blev indsamlet til, afsluttes.<\/p>\n<p>If\u00f8lge persondataloven har du ret til at f\u00e5 oplyst, hvilke personoplysninger, der kan henf\u00f8res til dig. S\u00e5fremt det viser sig, at de oplysninger eller data, der behandles om dig, er urigtige eller vildledende, har du ret til at kr\u00e6ve disse berigtiget, slettet eller blokeret. Du kan til enhver tid g\u00f8re indsigelse mod, at oplysninger om dig g\u00f8res til genstand for behandling. Du kan ogs\u00e5 til enhver tid tilbagekalde dit samtykke. Du har mulighed for at klage over behandlingen af oplysninger og data Klage indgives til Datatilsynet, jf. persondatalovens \u00a7 58, stk. 1.<\/p>\n<h3>Kontakt os om personoplysninger<\/h3>\n<p>Har du sp\u00f8rgsm\u00e5l vedr\u00f8rende sikkerheden, herunder cookies og personoplysninger, er du velkommen til at sende en mail til nti@aqqut.gl <a href=\"mailto:nti@aqqut.gl\">nti@aqqut.gl<\/a> allaffigisinnaavatsigut.<\/p>\n<p>Du har altid mulighed for at f\u00e5 indsigt i, hvilke informationer, der er registreret om den enkelte enhed, og du kan g\u00f8re indsigelse mod en registrering i henhold til reglerne i persondataloven.<\/p>\n<p><!-- \/wp:paragraph --><\/p>\n            <\/div>\n        <\/section>","protected":false},"excerpt":{"rendered":"","protected":false},"author":1,"featured_media":0,"parent":0,"menu_order":0,"comment_status":"closed","ping_status":"closed","template":"","meta":{"_acf_changed":false,"footnotes":""},"class_list":["post-3","page","type-page","status-publish","hentry"],"acf":[],"yoast_head":"<!-- This site is optimized with the Yoast SEO plugin v27.4 - https:\/\/yoast.com\/product\/yoast-seo-wordpress\/ -->\n<title>Inuit pillugit paasissutissanut politikki\u00a0 - Mindhelper.gl<\/title>\n<meta name=\"robots\" content=\"index, follow, max-snippet:-1, max-image-preview:large, max-video-preview:-1\" \/>\n<link rel=\"canonical\" href=\"https:\/\/mindhelper.gl\/da\/privatlivspolitik\/\" \/>\n<meta property=\"og:locale\" content=\"da_DK\" \/>\n<meta property=\"og:type\" content=\"article\" \/>\n<meta property=\"og:title\" content=\"Inuit pillugit paasissutissanut politikki\u00a0 - Mindhelper.gl\" \/>\n<meta property=\"og:url\" content=\"https:\/\/mindhelper.gl\/da\/privatlivspolitik\/\" \/>\n<meta property=\"og:site_name\" content=\"Mindhelper.gl\" \/>\n<meta property=\"article:modified_time\" content=\"2023-12-16T16:13:44+00:00\" \/>\n<meta name=\"twitter:card\" content=\"summary_large_image\" \/>\n<script type=\"application\/ld+json\" class=\"yoast-schema-graph\">{\"@context\":\"https:\\\/\\\/schema.org\",\"@graph\":[{\"@type\":\"WebPage\",\"@id\":\"https:\\\/\\\/mindhelper.gl\\\/privatlivspolitik\\\/\",\"url\":\"https:\\\/\\\/mindhelper.gl\\\/privatlivspolitik\\\/\",\"name\":\"Inuit pillugit paasissutissanut politikki\u00a0 - Mindhelper.gl\",\"isPartOf\":{\"@id\":\"https:\\\/\\\/mindhelper.gl\\\/#website\"},\"datePublished\":\"2023-05-26T09:05:40+00:00\",\"dateModified\":\"2023-12-16T16:13:44+00:00\",\"breadcrumb\":{\"@id\":\"https:\\\/\\\/mindhelper.gl\\\/privatlivspolitik\\\/#breadcrumb\"},\"inLanguage\":\"da-DK\",\"potentialAction\":[{\"@type\":\"ReadAction\",\"target\":[\"https:\\\/\\\/mindhelper.gl\\\/privatlivspolitik\\\/\"]}]},{\"@type\":\"BreadcrumbList\",\"@id\":\"https:\\\/\\\/mindhelper.gl\\\/privatlivspolitik\\\/#breadcrumb\",\"itemListElement\":[{\"@type\":\"ListItem\",\"position\":1,\"name\":\"Forside\",\"item\":\"https:\\\/\\\/mindhelper.gl\\\/\"},{\"@type\":\"ListItem\",\"position\":2,\"name\":\"Inuit pillugit paasissutissanut politikki\u00a0\"}]},{\"@type\":\"WebSite\",\"@id\":\"https:\\\/\\\/mindhelper.gl\\\/#website\",\"url\":\"https:\\\/\\\/mindhelper.gl\\\/\",\"name\":\"Mindhelper.gl\",\"description\":\"\",\"potentialAction\":[{\"@type\":\"SearchAction\",\"target\":{\"@type\":\"EntryPoint\",\"urlTemplate\":\"https:\\\/\\\/mindhelper.gl\\\/?s={search_term_string}\"},\"query-input\":{\"@type\":\"PropertyValueSpecification\",\"valueRequired\":true,\"valueName\":\"search_term_string\"}}],\"inLanguage\":\"da-DK\"}]}<\/script>\n<!-- \/ Yoast SEO plugin. -->","yoast_head_json":{"title":"Inuit pillugit paasissutissanut politikki\u00a0 - Mindhelper.gl","robots":{"index":"index","follow":"follow","max-snippet":"max-snippet:-1","max-image-preview":"max-image-preview:large","max-video-preview":"max-video-preview:-1"},"canonical":"https:\/\/mindhelper.gl\/da\/privatlivspolitik\/","og_locale":"da_DK","og_type":"article","og_title":"Inuit pillugit paasissutissanut politikki\u00a0 - Mindhelper.gl","og_url":"https:\/\/mindhelper.gl\/da\/privatlivspolitik\/","og_site_name":"Mindhelper.gl","article_modified_time":"2023-12-16T16:13:44+00:00","twitter_card":"summary_large_image","schema":{"@context":"https:\/\/schema.org","@graph":[{"@type":"WebPage","@id":"https:\/\/mindhelper.gl\/privatlivspolitik\/","url":"https:\/\/mindhelper.gl\/privatlivspolitik\/","name":"Inuit pillugit paasissutissanut politikki\u00a0 - Mindhelper.gl","isPartOf":{"@id":"https:\/\/mindhelper.gl\/#website"},"datePublished":"2023-05-26T09:05:40+00:00","dateModified":"2023-12-16T16:13:44+00:00","breadcrumb":{"@id":"https:\/\/mindhelper.gl\/privatlivspolitik\/#breadcrumb"},"inLanguage":"da-DK","potentialAction":[{"@type":"ReadAction","target":["https:\/\/mindhelper.gl\/privatlivspolitik\/"]}]},{"@type":"BreadcrumbList","@id":"https:\/\/mindhelper.gl\/privatlivspolitik\/#breadcrumb","itemListElement":[{"@type":"ListItem","position":1,"name":"Forside","item":"https:\/\/mindhelper.gl\/"},{"@type":"ListItem","position":2,"name":"Inuit pillugit paasissutissanut politikki\u00a0"}]},{"@type":"WebSite","@id":"https:\/\/mindhelper.gl\/#website","url":"https:\/\/mindhelper.gl\/","name":"Mindhelper.gl","description":"","potentialAction":[{"@type":"SearchAction","target":{"@type":"EntryPoint","urlTemplate":"https:\/\/mindhelper.gl\/?s={search_term_string}"},"query-input":{"@type":"PropertyValueSpecification","valueRequired":true,"valueName":"search_term_string"}}],"inLanguage":"da-DK"}]}},"_links":{"self":[{"href":"https:\/\/mindhelper.gl\/da\/wp-json\/wp\/v2\/pages\/3","targetHints":{"allow":["GET"]}}],"collection":[{"href":"https:\/\/mindhelper.gl\/da\/wp-json\/wp\/v2\/pages"}],"about":[{"href":"https:\/\/mindhelper.gl\/da\/wp-json\/wp\/v2\/types\/page"}],"author":[{"embeddable":true,"href":"https:\/\/mindhelper.gl\/da\/wp-json\/wp\/v2\/users\/1"}],"replies":[{"embeddable":true,"href":"https:\/\/mindhelper.gl\/da\/wp-json\/wp\/v2\/comments?post=3"}],"version-history":[{"count":0,"href":"https:\/\/mindhelper.gl\/da\/wp-json\/wp\/v2\/pages\/3\/revisions"}],"wp:attachment":[{"href":"https:\/\/mindhelper.gl\/da\/wp-json\/wp\/v2\/media?parent=3"}],"curies":[{"name":"wp","href":"https:\/\/api.w.org\/{rel}","templated":true}]}}